{"id":98,"date":"2015-10-01T15:28:45","date_gmt":"2015-10-01T13:28:45","guid":{"rendered":"http:\/\/thomas-bering.de\/?page_id=98"},"modified":"2021-09-05T09:08:39","modified_gmt":"2021-09-05T07:08:39","slug":"around-the-world-einmal-rum","status":"publish","type":"page","link":"https:\/\/thomas-bering.de\/?page_id=98","title":{"rendered":"Around the World &#8211; Ein Schlagabtausch&#8230;"},"content":{"rendered":"<p>Eine Reise um die Welt abseits der touristisch erschlossenen Trampelpfade. Von Berlin nach St. Petersburg, Moskau und an den Baikalsee. Durch die Steppen der Mongolei und zum Studium nach China. Weihnachten in Korea, durchsch\u00fcttelnde Busfahrten in S\u00fcdindien, Wasserspiele auf den Malediven und Menschenmassen in Bangladesh. Von Bangkok in die Regenw\u00e4lder Laos&#8216;, in die Berge Yunnans und in Chinas S\u00fcdwesten. Stadtleben in Hongkong und die staubigen W\u00fcsten Westaustraliens. Entspannung in der S\u00fcdsee und zum Abschlu\u00df die alten Hochkulturen in Peru. <strong>LEIDER IMMER NOCH IN ARBEIT! HOFFENTLICH BALD HIER!<br \/>\n<\/strong><\/p>\n<p>A journey around the world off the beaten track! <strong>Soon available on this website!<\/strong><\/p>\n<p><img loading=\"lazy\" decoding=\"async\" class=\"alignnone size-thumbnail wp-image-99\" src=\"http:\/\/thomas-bering.de\/wp-content\/uploads\/2015\/10\/2004-07-KSKS-0-Anreise-150x200.jpg\" alt=\"\" width=\"150\" height=\"200\" srcset=\"https:\/\/thomas-bering.de\/wp-content\/uploads\/2015\/10\/2004-07-KSKS-0-Anreise-150x200.jpg 150w, https:\/\/thomas-bering.de\/wp-content\/uploads\/2015\/10\/2004-07-KSKS-0-Anreise-301x400.jpg 301w, https:\/\/thomas-bering.de\/wp-content\/uploads\/2015\/10\/2004-07-KSKS-0-Anreise-451x600.jpg 451w, https:\/\/thomas-bering.de\/wp-content\/uploads\/2015\/10\/2004-07-KSKS-0-Anreise.jpg 535w\" sizes=\"auto, (max-width: 150px) 100vw, 150px\" \/><\/p>\n<p>&nbsp;<\/p>\n","protected":false},"excerpt":{"rendered":"<p>Eine Reise um die Welt abseits der touristisch erschlossenen Trampelpfade. Von Berlin nach St. Petersburg, Moskau und an den Baikalsee. Durch die Steppen der Mongolei und zum Studium nach China. Weihnachten in Korea, durchsch\u00fcttelnde Busfahrten in S\u00fcdindien, Wasserspiele auf den Malediven und Menschenmassen in Bangladesh. Von Bangkok in die Regenw\u00e4lder Laos&#8216;, in die Berge Yunnans&#8230; <\/p>\n<div class=\"read-more navbutton\"><a href=\"https:\/\/thomas-bering.de\/?page_id=98\">Read More<i class=\"fa fa-angle-double-right\"><\/i><\/a><\/div>\n","protected":false},"author":1,"featured_media":0,"parent":17,"menu_order":10,"comment_status":"closed","ping_status":"closed","template":"page-templates\/full-width.php","meta":{"footnotes":""},"class_list":["post-98","page","type-page","status-publish","hentry"],"wp-worthy-pixel":{"ignored":false,"public":null,"server":null,"url":null},"wp-worthy-type":"normal","_links":{"self":[{"href":"https:\/\/thomas-bering.de\/index.php?rest_route=\/wp\/v2\/pages\/98","targetHints":{"allow":["GET"]}}],"collection":[{"href":"https:\/\/thomas-bering.de\/index.php?rest_route=\/wp\/v2\/pages"}],"about":[{"href":"https:\/\/thomas-bering.de\/index.php?rest_route=\/wp\/v2\/types\/page"}],"author":[{"embeddable":true,"href":"https:\/\/thomas-bering.de\/index.php?rest_route=\/wp\/v2\/users\/1"}],"replies":[{"embeddable":true,"href":"https:\/\/thomas-bering.de\/index.php?rest_route=%2Fwp%2Fv2%2Fcomments&post=98"}],"version-history":[{"count":7,"href":"https:\/\/thomas-bering.de\/index.php?rest_route=\/wp\/v2\/pages\/98\/revisions"}],"predecessor-version":[{"id":2510,"href":"https:\/\/thomas-bering.de\/index.php?rest_route=\/wp\/v2\/pages\/98\/revisions\/2510"}],"up":[{"embeddable":true,"href":"https:\/\/thomas-bering.de\/index.php?rest_route=\/wp\/v2\/pages\/17"}],"wp:attachment":[{"href":"https:\/\/thomas-bering.de\/index.php?rest_route=%2Fwp%2Fv2%2Fmedia&parent=98"}],"curies":[{"name":"wp","href":"https:\/\/api.w.org\/{rel}","templated":true}]}}