{"id":66,"date":"2015-10-01T14:22:52","date_gmt":"2015-10-01T12:22:52","guid":{"rendered":"http:\/\/thomas-bering.de\/?page_id=66"},"modified":"2020-09-05T16:07:17","modified_gmt":"2020-09-05T14:07:17","slug":"pyrenaeen","status":"publish","type":"page","link":"https:\/\/thomas-bering.de\/?page_id=66","title":{"rendered":"Spanische Pyren\u00e4en"},"content":{"rendered":"<script>fsg_json['fsg_post_66'] = [\n{id: 68, image: 'https:\/\/thomas-bering.de\/wp-content\/uploads\/2015\/10\/2015-09-E-138-Carros-de-Foc-n.-Malafree.jpg', extlink: '', thumb: 'https:\/\/thomas-bering.de\/wp-content\/uploads\/2015\/10\/2015-09-E-138-Carros-de-Foc-n.-Malafree-267x200.jpg', permalink: '', layer: '<div class=\"galleria-infolayer\"><div class=\"galleria-layeritem\" style=\"padding-right: 20px;\"><h1>Carros de Foc<\/h1><\/div><div class=\"galleria-layeritem\" style=\"padding-right: 20px;\"><\/div>'},\n{id: 69, image: 'https:\/\/thomas-bering.de\/wp-content\/uploads\/2015\/10\/2015-09-E-146-Carros-de-Foc-n.-Malafree.jpg', extlink: '', thumb: 'https:\/\/thomas-bering.de\/wp-content\/uploads\/2015\/10\/2015-09-E-146-Carros-de-Foc-n.-Malafree-267x200.jpg', permalink: '', layer: '<div class=\"galleria-infolayer\"><div class=\"galleria-layeritem\" style=\"padding-right: 20px;\"><h1>Carros de Foc<\/h1><\/div><div class=\"galleria-layeritem\" style=\"padding-right: 20px;\"><\/div>'},\n{id: 70, image: 'https:\/\/thomas-bering.de\/wp-content\/uploads\/2015\/10\/2015-09-E-159-Carros-de-Foc-n.-Malafree.jpg', extlink: '', thumb: 'https:\/\/thomas-bering.de\/wp-content\/uploads\/2015\/10\/2015-09-E-159-Carros-de-Foc-n.-Malafree-267x200.jpg', permalink: '', layer: '<div class=\"galleria-infolayer\"><div class=\"galleria-layeritem\" style=\"padding-right: 20px;\"><h1>Carros de Foc<\/h1><\/div><div class=\"galleria-layeritem\" style=\"padding-right: 20px;\"><\/div>'},\n{id: 71, image: 'https:\/\/thomas-bering.de\/wp-content\/uploads\/2015\/10\/2015-09-E-165-Carros-de-Foc-n.-Malafree.jpg', extlink: '', thumb: 'https:\/\/thomas-bering.de\/wp-content\/uploads\/2015\/10\/2015-09-E-165-Carros-de-Foc-n.-Malafree-267x200.jpg', permalink: '', layer: '<div class=\"galleria-infolayer\"><div class=\"galleria-layeritem\" style=\"padding-right: 20px;\"><h1>Carros de Foc<\/h1><\/div><div class=\"galleria-layeritem\" style=\"padding-right: 20px;\"><\/div>'},\n{id: 73, image: 'https:\/\/thomas-bering.de\/wp-content\/uploads\/2015\/10\/2015-09-E-229-Carros-de-Foc-n-J-M-Blanc.jpg', extlink: '', thumb: 'https:\/\/thomas-bering.de\/wp-content\/uploads\/2015\/10\/2015-09-E-229-Carros-de-Foc-n-J-M-Blanc-267x200.jpg', permalink: '', layer: '<div class=\"galleria-infolayer\"><div class=\"galleria-layeritem\" style=\"padding-right: 20px;\"><h1>Carros de Foc<\/h1><\/div><div class=\"galleria-layeritem\" style=\"padding-right: 20px;\"><\/div>'},\n{id: 74, image: 'https:\/\/thomas-bering.de\/wp-content\/uploads\/2015\/10\/2015-09-E-252-Carros-de-Foc-n-Colomina.jpg', extlink: '', thumb: 'https:\/\/thomas-bering.de\/wp-content\/uploads\/2015\/10\/2015-09-E-252-Carros-de-Foc-n-Colomina-267x200.jpg', permalink: '', layer: '<div class=\"galleria-infolayer\"><div class=\"galleria-layeritem\" style=\"padding-right: 20px;\"><h1>Carros de Foc<\/h1><\/div><div class=\"galleria-layeritem\" style=\"padding-right: 20px;\"><\/div>'},\n{id: 78, image: 'https:\/\/thomas-bering.de\/wp-content\/uploads\/2015\/10\/2015-09-E-293-Carros-de-Foc-n-Colomina.jpg', extlink: '', thumb: 'https:\/\/thomas-bering.de\/wp-content\/uploads\/2015\/10\/2015-09-E-293-Carros-de-Foc-n-Colomina-267x200.jpg', permalink: '', layer: '<div class=\"galleria-infolayer\"><div class=\"galleria-layeritem\" style=\"padding-right: 20px;\"><h1>Carros de Foc<\/h1><\/div><div class=\"galleria-layeritem\" style=\"padding-right: 20px;\"><\/div>'},\n{id: 75, image: 'https:\/\/thomas-bering.de\/wp-content\/uploads\/2015\/10\/2015-09-E-259-Carros-de-Foc-n-Colomina.jpg', extlink: '', thumb: 'https:\/\/thomas-bering.de\/wp-content\/uploads\/2015\/10\/2015-09-E-259-Carros-de-Foc-n-Colomina-267x200.jpg', permalink: '', layer: '<div class=\"galleria-infolayer\"><div class=\"galleria-layeritem\" style=\"padding-right: 20px;\"><h1>Carros de Foc<\/h1><\/div><div class=\"galleria-layeritem\" style=\"padding-right: 20px;\"><\/div>'},\n{id: 77, image: 'https:\/\/thomas-bering.de\/wp-content\/uploads\/2015\/10\/2015-09-E-290-Carros-de-Foc-n-Colomina.jpg', extlink: '', thumb: 'https:\/\/thomas-bering.de\/wp-content\/uploads\/2015\/10\/2015-09-E-290-Carros-de-Foc-n-Colomina-629x200.jpg', permalink: '', layer: '<div class=\"galleria-infolayer\"><div class=\"galleria-layeritem\" style=\"padding-right: 20px;\"><h1>Carros de Foc<\/h1><\/div><div class=\"galleria-layeritem\" style=\"padding-right: 20px;\"><\/div>'},\n{id: 79, image: 'https:\/\/thomas-bering.de\/wp-content\/uploads\/2015\/10\/2015-09-E-313-Carros-de-Foc-n-Estany-Llong.jpg', extlink: '', thumb: 'https:\/\/thomas-bering.de\/wp-content\/uploads\/2015\/10\/2015-09-E-313-Carros-de-Foc-n-Estany-Llong-595x200.jpg', permalink: '', layer: '<div class=\"galleria-infolayer\"><div class=\"galleria-layeritem\" style=\"padding-right: 20px;\"><h1>Carros de Foc<\/h1><\/div><div class=\"galleria-layeritem\" style=\"padding-right: 20px;\"><\/div>'},\n{id: 72, image: 'https:\/\/thomas-bering.de\/wp-content\/uploads\/2015\/10\/2015-09-E-167-Carros-de-Foc-n.-Malafree.jpg', extlink: '', thumb: 'https:\/\/thomas-bering.de\/wp-content\/uploads\/2015\/10\/2015-09-E-167-Carros-de-Foc-n.-Malafree-418x200.jpg', permalink: '', layer: '<div class=\"galleria-infolayer\"><div class=\"galleria-layeritem\" style=\"padding-right: 20px;\"><h1>Carros de Foc<\/h1><\/div><div class=\"galleria-layeritem\" style=\"padding-right: 20px;\"><\/div>'},\n{id: 76, image: 'https:\/\/thomas-bering.de\/wp-content\/uploads\/2015\/10\/2015-09-E-286-Carros-de-Foc-n-Colomina.jpg', extlink: '', thumb: 'https:\/\/thomas-bering.de\/wp-content\/uploads\/2015\/10\/2015-09-E-286-Carros-de-Foc-n-Colomina-549x200.jpg', permalink: '', layer: '<div class=\"galleria-infolayer\"><div class=\"galleria-layeritem\" style=\"padding-right: 20px;\"><h1>Carros de Foc<\/h1><\/div><div class=\"galleria-layeritem\" style=\"padding-right: 20px;\"><\/div>'},\n{id: 80, image: 'https:\/\/thomas-bering.de\/wp-content\/uploads\/2015\/10\/2015-09-E-354-Carros-de-Foc-n-Restanca.jpg', extlink: '', thumb: 'https:\/\/thomas-bering.de\/wp-content\/uploads\/2015\/10\/2015-09-E-354-Carros-de-Foc-n-Restanca-617x200.jpg', permalink: '', layer: '<div class=\"galleria-infolayer\"><div class=\"galleria-layeritem\" style=\"padding-right: 20px;\"><h1>Carros de Foc<\/h1><\/div><div class=\"galleria-layeritem\" style=\"padding-right: 20px;\"><\/div>'}\n];<\/script>\n<p>Herbst 2015: Trekking auf dem Carros de Foc (dt. &#8222;Feuerwagen&#8220;) im katalanischen Teil der spanische Pyren\u00e4en. Der Carros de Foc f\u00fchrt durch und um den Nationalpark Aig\u00fcestortes i Llac de Sant Maurici. <strong>Einen Kalender, mit Motiven der Galerie enth\u00e4lt findest Du <a href=\"http:\/\/thomas-bering.de\/?page_id=352\" target=\"_blank\" rel=\"noopener noreferrer\">hier<\/a>.<\/strong><\/p>\n<p>Autumn 2015: Trekking on Carros de Foc (engl. &#8222;fire wagon&#8220;) in the catalan part of the Spanish Pyrenees. The trek circles around the national park Aig\u00fcestortes i Llac de Sant Maurici.<strong><a href=\"http:\/\/thomas-bering.de\/?page_id=352\" target=\"_blank\" rel=\"noopener noreferrer\"> Click here <\/a>to find a calender with some of the pictures.<\/strong><\/p>\n<p><strong>ZUM START DER GALERIE EIN FOTO ANKLICKEN<\/strong><\/p>\n\n\t\t<style type=\"text\/css\">\n\t\t\t#gallery-1 {\n\t\t\t\tmargin: auto;\n\t\t\t}\n\t\t\t#gallery-1 .gallery-item {\n\t\t\t\tfloat: left;\n\t\t\t\tmargin-top: 10px;\n\t\t\t\ttext-align: center;\n\t\t\t\twidth: 33%;\n\t\t\t}\n\t\t\t#gallery-1 img {\n\t\t\t\tborder: 2px solid #cfcfcf;\n\t\t\t}\n\t\t\t#gallery-1 .gallery-caption {\n\t\t\t\tmargin-left: 0;\n\t\t\t}\n\t\t\t\/* see gallery_shortcode() in wp-includes\/media.php *\/\n\t\t<\/style>\n\t\t<div id='gallery-1' class='gallery galleryid-66 gallery-columns-3 gallery-size-thumbnail'><dl class='gallery-item'>\n\t\t\t<dt class='gallery-icon landscape'>\n\t\t\t\t<a data-postid=\"fsg_post_66\" data-imgid=\"68\" href='https:\/\/thomas-bering.de\/wp-content\/uploads\/2015\/10\/2015-09-E-138-Carros-de-Foc-n.-Malafree.jpg'><img loading=\"lazy\" decoding=\"async\" width=\"267\" height=\"200\" src=\"https:\/\/thomas-bering.de\/wp-content\/uploads\/2015\/10\/2015-09-E-138-Carros-de-Foc-n.-Malafree-267x200.jpg\" class=\"attachment-thumbnail size-thumbnail\" alt=\"\" aria-describedby=\"gallery-1-68\" srcset=\"https:\/\/thomas-bering.de\/wp-content\/uploads\/2015\/10\/2015-09-E-138-Carros-de-Foc-n.-Malafree-267x200.jpg 267w, https:\/\/thomas-bering.de\/wp-content\/uploads\/2015\/10\/2015-09-E-138-Carros-de-Foc-n.-Malafree-533x400.jpg 533w, https:\/\/thomas-bering.de\/wp-content\/uploads\/2015\/10\/2015-09-E-138-Carros-de-Foc-n.-Malafree-800x600.jpg 800w, https:\/\/thomas-bering.de\/wp-content\/uploads\/2015\/10\/2015-09-E-138-Carros-de-Foc-n.-Malafree.jpg 1000w\" sizes=\"auto, (max-width: 267px) 100vw, 267px\" \/><\/a>\n\t\t\t<\/dt>\n\t\t\t\t<dd class='wp-caption-text gallery-caption' id='gallery-1-68'>\n\t\t\t\tCarros de Foc \/ Katalanische Pyren\u00e4en\n\t\t\t\t<\/dd><\/dl><dl class='gallery-item'>\n\t\t\t<dt class='gallery-icon landscape'>\n\t\t\t\t<a data-postid=\"fsg_post_66\" data-imgid=\"69\" href='https:\/\/thomas-bering.de\/wp-content\/uploads\/2015\/10\/2015-09-E-146-Carros-de-Foc-n.-Malafree.jpg'><img loading=\"lazy\" decoding=\"async\" width=\"267\" height=\"200\" src=\"https:\/\/thomas-bering.de\/wp-content\/uploads\/2015\/10\/2015-09-E-146-Carros-de-Foc-n.-Malafree-267x200.jpg\" class=\"attachment-thumbnail size-thumbnail\" alt=\"\" aria-describedby=\"gallery-1-69\" srcset=\"https:\/\/thomas-bering.de\/wp-content\/uploads\/2015\/10\/2015-09-E-146-Carros-de-Foc-n.-Malafree-267x200.jpg 267w, https:\/\/thomas-bering.de\/wp-content\/uploads\/2015\/10\/2015-09-E-146-Carros-de-Foc-n.-Malafree-533x400.jpg 533w, https:\/\/thomas-bering.de\/wp-content\/uploads\/2015\/10\/2015-09-E-146-Carros-de-Foc-n.-Malafree-800x600.jpg 800w, https:\/\/thomas-bering.de\/wp-content\/uploads\/2015\/10\/2015-09-E-146-Carros-de-Foc-n.-Malafree.jpg 1000w\" sizes=\"auto, (max-width: 267px) 100vw, 267px\" \/><\/a>\n\t\t\t<\/dt>\n\t\t\t\t<dd class='wp-caption-text gallery-caption' id='gallery-1-69'>\n\t\t\t\tCarros de Foc \/ Katalanische Pyren\u00e4en\n\t\t\t\t<\/dd><\/dl><dl class='gallery-item'>\n\t\t\t<dt class='gallery-icon landscape'>\n\t\t\t\t<a data-postid=\"fsg_post_66\" data-imgid=\"70\" href='https:\/\/thomas-bering.de\/wp-content\/uploads\/2015\/10\/2015-09-E-159-Carros-de-Foc-n.-Malafree.jpg'><img loading=\"lazy\" decoding=\"async\" width=\"267\" height=\"200\" src=\"https:\/\/thomas-bering.de\/wp-content\/uploads\/2015\/10\/2015-09-E-159-Carros-de-Foc-n.-Malafree-267x200.jpg\" class=\"attachment-thumbnail size-thumbnail\" alt=\"\" aria-describedby=\"gallery-1-70\" srcset=\"https:\/\/thomas-bering.de\/wp-content\/uploads\/2015\/10\/2015-09-E-159-Carros-de-Foc-n.-Malafree-267x200.jpg 267w, https:\/\/thomas-bering.de\/wp-content\/uploads\/2015\/10\/2015-09-E-159-Carros-de-Foc-n.-Malafree-533x400.jpg 533w, https:\/\/thomas-bering.de\/wp-content\/uploads\/2015\/10\/2015-09-E-159-Carros-de-Foc-n.-Malafree-800x600.jpg 800w, https:\/\/thomas-bering.de\/wp-content\/uploads\/2015\/10\/2015-09-E-159-Carros-de-Foc-n.-Malafree.jpg 1000w\" sizes=\"auto, (max-width: 267px) 100vw, 267px\" \/><\/a>\n\t\t\t<\/dt>\n\t\t\t\t<dd class='wp-caption-text gallery-caption' id='gallery-1-70'>\n\t\t\t\tCarros de Foc \/ Katalanische Pyren\u00e4en\n\t\t\t\t<\/dd><\/dl><br style=\"clear: both\" \/><dl class='gallery-item'>\n\t\t\t<dt class='gallery-icon landscape'>\n\t\t\t\t<a data-postid=\"fsg_post_66\" data-imgid=\"71\" href='https:\/\/thomas-bering.de\/wp-content\/uploads\/2015\/10\/2015-09-E-165-Carros-de-Foc-n.-Malafree.jpg'><img loading=\"lazy\" decoding=\"async\" width=\"267\" height=\"200\" src=\"https:\/\/thomas-bering.de\/wp-content\/uploads\/2015\/10\/2015-09-E-165-Carros-de-Foc-n.-Malafree-267x200.jpg\" class=\"attachment-thumbnail size-thumbnail\" alt=\"\" aria-describedby=\"gallery-1-71\" srcset=\"https:\/\/thomas-bering.de\/wp-content\/uploads\/2015\/10\/2015-09-E-165-Carros-de-Foc-n.-Malafree-267x200.jpg 267w, https:\/\/thomas-bering.de\/wp-content\/uploads\/2015\/10\/2015-09-E-165-Carros-de-Foc-n.-Malafree-533x400.jpg 533w, https:\/\/thomas-bering.de\/wp-content\/uploads\/2015\/10\/2015-09-E-165-Carros-de-Foc-n.-Malafree-800x600.jpg 800w, https:\/\/thomas-bering.de\/wp-content\/uploads\/2015\/10\/2015-09-E-165-Carros-de-Foc-n.-Malafree.jpg 1000w\" sizes=\"auto, (max-width: 267px) 100vw, 267px\" \/><\/a>\n\t\t\t<\/dt>\n\t\t\t\t<dd class='wp-caption-text gallery-caption' id='gallery-1-71'>\n\t\t\t\tCarros de Foc \/ Katalanische Pyren\u00e4en\n\t\t\t\t<\/dd><\/dl><dl class='gallery-item'>\n\t\t\t<dt class='gallery-icon landscape'>\n\t\t\t\t<a data-postid=\"fsg_post_66\" data-imgid=\"73\" href='https:\/\/thomas-bering.de\/wp-content\/uploads\/2015\/10\/2015-09-E-229-Carros-de-Foc-n-J-M-Blanc.jpg'><img loading=\"lazy\" decoding=\"async\" width=\"267\" height=\"200\" src=\"https:\/\/thomas-bering.de\/wp-content\/uploads\/2015\/10\/2015-09-E-229-Carros-de-Foc-n-J-M-Blanc-267x200.jpg\" class=\"attachment-thumbnail size-thumbnail\" alt=\"\" aria-describedby=\"gallery-1-73\" srcset=\"https:\/\/thomas-bering.de\/wp-content\/uploads\/2015\/10\/2015-09-E-229-Carros-de-Foc-n-J-M-Blanc-267x200.jpg 267w, https:\/\/thomas-bering.de\/wp-content\/uploads\/2015\/10\/2015-09-E-229-Carros-de-Foc-n-J-M-Blanc-533x400.jpg 533w, https:\/\/thomas-bering.de\/wp-content\/uploads\/2015\/10\/2015-09-E-229-Carros-de-Foc-n-J-M-Blanc-800x600.jpg 800w, https:\/\/thomas-bering.de\/wp-content\/uploads\/2015\/10\/2015-09-E-229-Carros-de-Foc-n-J-M-Blanc.jpg 1000w\" sizes=\"auto, (max-width: 267px) 100vw, 267px\" \/><\/a>\n\t\t\t<\/dt>\n\t\t\t\t<dd class='wp-caption-text gallery-caption' id='gallery-1-73'>\n\t\t\t\tCarros de Foc \/ Katalanische Pyren\u00e4en\n\t\t\t\t<\/dd><\/dl><dl class='gallery-item'>\n\t\t\t<dt class='gallery-icon landscape'>\n\t\t\t\t<a data-postid=\"fsg_post_66\" data-imgid=\"74\" href='https:\/\/thomas-bering.de\/wp-content\/uploads\/2015\/10\/2015-09-E-252-Carros-de-Foc-n-Colomina.jpg'><img loading=\"lazy\" decoding=\"async\" width=\"267\" height=\"200\" src=\"https:\/\/thomas-bering.de\/wp-content\/uploads\/2015\/10\/2015-09-E-252-Carros-de-Foc-n-Colomina-267x200.jpg\" class=\"attachment-thumbnail size-thumbnail\" alt=\"\" aria-describedby=\"gallery-1-74\" srcset=\"https:\/\/thomas-bering.de\/wp-content\/uploads\/2015\/10\/2015-09-E-252-Carros-de-Foc-n-Colomina-267x200.jpg 267w, https:\/\/thomas-bering.de\/wp-content\/uploads\/2015\/10\/2015-09-E-252-Carros-de-Foc-n-Colomina-533x400.jpg 533w, https:\/\/thomas-bering.de\/wp-content\/uploads\/2015\/10\/2015-09-E-252-Carros-de-Foc-n-Colomina-800x600.jpg 800w, https:\/\/thomas-bering.de\/wp-content\/uploads\/2015\/10\/2015-09-E-252-Carros-de-Foc-n-Colomina.jpg 1000w\" sizes=\"auto, (max-width: 267px) 100vw, 267px\" \/><\/a>\n\t\t\t<\/dt>\n\t\t\t\t<dd class='wp-caption-text gallery-caption' id='gallery-1-74'>\n\t\t\t\tCarros de Foc \/ Katalanische Pyren\u00e4en\n\t\t\t\t<\/dd><\/dl><br style=\"clear: both\" \/><dl class='gallery-item'>\n\t\t\t<dt class='gallery-icon landscape'>\n\t\t\t\t<a data-postid=\"fsg_post_66\" data-imgid=\"78\" href='https:\/\/thomas-bering.de\/wp-content\/uploads\/2015\/10\/2015-09-E-293-Carros-de-Foc-n-Colomina.jpg'><img loading=\"lazy\" decoding=\"async\" width=\"267\" height=\"200\" src=\"https:\/\/thomas-bering.de\/wp-content\/uploads\/2015\/10\/2015-09-E-293-Carros-de-Foc-n-Colomina-267x200.jpg\" class=\"attachment-thumbnail size-thumbnail\" alt=\"\" aria-describedby=\"gallery-1-78\" srcset=\"https:\/\/thomas-bering.de\/wp-content\/uploads\/2015\/10\/2015-09-E-293-Carros-de-Foc-n-Colomina-267x200.jpg 267w, https:\/\/thomas-bering.de\/wp-content\/uploads\/2015\/10\/2015-09-E-293-Carros-de-Foc-n-Colomina-533x400.jpg 533w, https:\/\/thomas-bering.de\/wp-content\/uploads\/2015\/10\/2015-09-E-293-Carros-de-Foc-n-Colomina-800x600.jpg 800w, https:\/\/thomas-bering.de\/wp-content\/uploads\/2015\/10\/2015-09-E-293-Carros-de-Foc-n-Colomina.jpg 1000w\" sizes=\"auto, (max-width: 267px) 100vw, 267px\" \/><\/a>\n\t\t\t<\/dt>\n\t\t\t\t<dd class='wp-caption-text gallery-caption' id='gallery-1-78'>\n\t\t\t\tCarros de Foc \/ Katalanische Pyren\u00e4en\n\t\t\t\t<\/dd><\/dl><dl class='gallery-item'>\n\t\t\t<dt class='gallery-icon landscape'>\n\t\t\t\t<a data-postid=\"fsg_post_66\" data-imgid=\"75\" href='https:\/\/thomas-bering.de\/wp-content\/uploads\/2015\/10\/2015-09-E-259-Carros-de-Foc-n-Colomina.jpg'><img loading=\"lazy\" decoding=\"async\" width=\"267\" height=\"200\" src=\"https:\/\/thomas-bering.de\/wp-content\/uploads\/2015\/10\/2015-09-E-259-Carros-de-Foc-n-Colomina-267x200.jpg\" class=\"attachment-thumbnail size-thumbnail\" alt=\"\" aria-describedby=\"gallery-1-75\" srcset=\"https:\/\/thomas-bering.de\/wp-content\/uploads\/2015\/10\/2015-09-E-259-Carros-de-Foc-n-Colomina-267x200.jpg 267w, https:\/\/thomas-bering.de\/wp-content\/uploads\/2015\/10\/2015-09-E-259-Carros-de-Foc-n-Colomina-533x400.jpg 533w, https:\/\/thomas-bering.de\/wp-content\/uploads\/2015\/10\/2015-09-E-259-Carros-de-Foc-n-Colomina-800x600.jpg 800w, https:\/\/thomas-bering.de\/wp-content\/uploads\/2015\/10\/2015-09-E-259-Carros-de-Foc-n-Colomina.jpg 1000w\" sizes=\"auto, (max-width: 267px) 100vw, 267px\" \/><\/a>\n\t\t\t<\/dt>\n\t\t\t\t<dd class='wp-caption-text gallery-caption' id='gallery-1-75'>\n\t\t\t\tCarros de Foc \/ Katalanische Pyren\u00e4en\n\t\t\t\t<\/dd><\/dl><dl class='gallery-item'>\n\t\t\t<dt class='gallery-icon landscape'>\n\t\t\t\t<a data-postid=\"fsg_post_66\" data-imgid=\"77\" href='https:\/\/thomas-bering.de\/wp-content\/uploads\/2015\/10\/2015-09-E-290-Carros-de-Foc-n-Colomina.jpg'><img loading=\"lazy\" decoding=\"async\" width=\"629\" height=\"200\" src=\"https:\/\/thomas-bering.de\/wp-content\/uploads\/2015\/10\/2015-09-E-290-Carros-de-Foc-n-Colomina-629x200.jpg\" class=\"attachment-thumbnail size-thumbnail\" alt=\"\" aria-describedby=\"gallery-1-77\" srcset=\"https:\/\/thomas-bering.de\/wp-content\/uploads\/2015\/10\/2015-09-E-290-Carros-de-Foc-n-Colomina-629x200.jpg 629w, https:\/\/thomas-bering.de\/wp-content\/uploads\/2015\/10\/2015-09-E-290-Carros-de-Foc-n-Colomina-600x191.jpg 600w, https:\/\/thomas-bering.de\/wp-content\/uploads\/2015\/10\/2015-09-E-290-Carros-de-Foc-n-Colomina-900x286.jpg 900w, https:\/\/thomas-bering.de\/wp-content\/uploads\/2015\/10\/2015-09-E-290-Carros-de-Foc-n-Colomina.jpg 1000w\" sizes=\"auto, (max-width: 629px) 100vw, 629px\" \/><\/a>\n\t\t\t<\/dt>\n\t\t\t\t<dd class='wp-caption-text gallery-caption' id='gallery-1-77'>\n\t\t\t\tCarros de Foc \/ Katalanische Pyren\u00e4en\n\t\t\t\t<\/dd><\/dl><br style=\"clear: both\" \/><dl class='gallery-item'>\n\t\t\t<dt class='gallery-icon landscape'>\n\t\t\t\t<a data-postid=\"fsg_post_66\" data-imgid=\"79\" href='https:\/\/thomas-bering.de\/wp-content\/uploads\/2015\/10\/2015-09-E-313-Carros-de-Foc-n-Estany-Llong.jpg'><img loading=\"lazy\" decoding=\"async\" width=\"595\" height=\"200\" src=\"https:\/\/thomas-bering.de\/wp-content\/uploads\/2015\/10\/2015-09-E-313-Carros-de-Foc-n-Estany-Llong-595x200.jpg\" class=\"attachment-thumbnail size-thumbnail\" alt=\"\" aria-describedby=\"gallery-1-79\" srcset=\"https:\/\/thomas-bering.de\/wp-content\/uploads\/2015\/10\/2015-09-E-313-Carros-de-Foc-n-Estany-Llong-595x200.jpg 595w, https:\/\/thomas-bering.de\/wp-content\/uploads\/2015\/10\/2015-09-E-313-Carros-de-Foc-n-Estany-Llong-600x202.jpg 600w, https:\/\/thomas-bering.de\/wp-content\/uploads\/2015\/10\/2015-09-E-313-Carros-de-Foc-n-Estany-Llong-900x302.jpg 900w, https:\/\/thomas-bering.de\/wp-content\/uploads\/2015\/10\/2015-09-E-313-Carros-de-Foc-n-Estany-Llong.jpg 1000w\" sizes=\"auto, (max-width: 595px) 100vw, 595px\" \/><\/a>\n\t\t\t<\/dt>\n\t\t\t\t<dd class='wp-caption-text gallery-caption' id='gallery-1-79'>\n\t\t\t\tCarros de Foc \/ Katalanische Pyren\u00e4en\n\t\t\t\t<\/dd><\/dl><dl class='gallery-item'>\n\t\t\t<dt class='gallery-icon landscape'>\n\t\t\t\t<a data-postid=\"fsg_post_66\" data-imgid=\"72\" href='https:\/\/thomas-bering.de\/wp-content\/uploads\/2015\/10\/2015-09-E-167-Carros-de-Foc-n.-Malafree.jpg'><img loading=\"lazy\" decoding=\"async\" width=\"418\" height=\"200\" src=\"https:\/\/thomas-bering.de\/wp-content\/uploads\/2015\/10\/2015-09-E-167-Carros-de-Foc-n.-Malafree-418x200.jpg\" class=\"attachment-thumbnail size-thumbnail\" alt=\"\" aria-describedby=\"gallery-1-72\" srcset=\"https:\/\/thomas-bering.de\/wp-content\/uploads\/2015\/10\/2015-09-E-167-Carros-de-Foc-n.-Malafree-418x200.jpg 418w, https:\/\/thomas-bering.de\/wp-content\/uploads\/2015\/10\/2015-09-E-167-Carros-de-Foc-n.-Malafree-600x287.jpg 600w, https:\/\/thomas-bering.de\/wp-content\/uploads\/2015\/10\/2015-09-E-167-Carros-de-Foc-n.-Malafree-900x430.jpg 900w, https:\/\/thomas-bering.de\/wp-content\/uploads\/2015\/10\/2015-09-E-167-Carros-de-Foc-n.-Malafree.jpg 1000w\" sizes=\"auto, (max-width: 418px) 100vw, 418px\" \/><\/a>\n\t\t\t<\/dt>\n\t\t\t\t<dd class='wp-caption-text gallery-caption' id='gallery-1-72'>\n\t\t\t\tCarros de Foc \/ Katalanische Pyren\u00e4en\n\t\t\t\t<\/dd><\/dl><dl class='gallery-item'>\n\t\t\t<dt class='gallery-icon landscape'>\n\t\t\t\t<a data-postid=\"fsg_post_66\" data-imgid=\"76\" href='https:\/\/thomas-bering.de\/wp-content\/uploads\/2015\/10\/2015-09-E-286-Carros-de-Foc-n-Colomina.jpg'><img loading=\"lazy\" decoding=\"async\" width=\"549\" height=\"200\" src=\"https:\/\/thomas-bering.de\/wp-content\/uploads\/2015\/10\/2015-09-E-286-Carros-de-Foc-n-Colomina-549x200.jpg\" class=\"attachment-thumbnail size-thumbnail\" alt=\"\" aria-describedby=\"gallery-1-76\" srcset=\"https:\/\/thomas-bering.de\/wp-content\/uploads\/2015\/10\/2015-09-E-286-Carros-de-Foc-n-Colomina-549x200.jpg 549w, https:\/\/thomas-bering.de\/wp-content\/uploads\/2015\/10\/2015-09-E-286-Carros-de-Foc-n-Colomina-600x218.jpg 600w, https:\/\/thomas-bering.de\/wp-content\/uploads\/2015\/10\/2015-09-E-286-Carros-de-Foc-n-Colomina-900x328.jpg 900w, https:\/\/thomas-bering.de\/wp-content\/uploads\/2015\/10\/2015-09-E-286-Carros-de-Foc-n-Colomina.jpg 1000w\" sizes=\"auto, (max-width: 549px) 100vw, 549px\" \/><\/a>\n\t\t\t<\/dt>\n\t\t\t\t<dd class='wp-caption-text gallery-caption' id='gallery-1-76'>\n\t\t\t\tCarros de Foc \/ Katalanische Pyren\u00e4en\n\t\t\t\t<\/dd><\/dl><br style=\"clear: both\" \/><dl class='gallery-item'>\n\t\t\t<dt class='gallery-icon landscape'>\n\t\t\t\t<a data-postid=\"fsg_post_66\" data-imgid=\"80\" href='https:\/\/thomas-bering.de\/wp-content\/uploads\/2015\/10\/2015-09-E-354-Carros-de-Foc-n-Restanca.jpg'><img loading=\"lazy\" decoding=\"async\" width=\"617\" height=\"200\" src=\"https:\/\/thomas-bering.de\/wp-content\/uploads\/2015\/10\/2015-09-E-354-Carros-de-Foc-n-Restanca-617x200.jpg\" class=\"attachment-thumbnail size-thumbnail\" alt=\"\" aria-describedby=\"gallery-1-80\" srcset=\"https:\/\/thomas-bering.de\/wp-content\/uploads\/2015\/10\/2015-09-E-354-Carros-de-Foc-n-Restanca-617x200.jpg 617w, https:\/\/thomas-bering.de\/wp-content\/uploads\/2015\/10\/2015-09-E-354-Carros-de-Foc-n-Restanca-600x194.jpg 600w, https:\/\/thomas-bering.de\/wp-content\/uploads\/2015\/10\/2015-09-E-354-Carros-de-Foc-n-Restanca-900x292.jpg 900w, https:\/\/thomas-bering.de\/wp-content\/uploads\/2015\/10\/2015-09-E-354-Carros-de-Foc-n-Restanca.jpg 1000w\" sizes=\"auto, (max-width: 617px) 100vw, 617px\" \/><\/a>\n\t\t\t<\/dt>\n\t\t\t\t<dd class='wp-caption-text gallery-caption' id='gallery-1-80'>\n\t\t\t\tCarros de Foc \/ Katalanische Pyren\u00e4en\n\t\t\t\t<\/dd><\/dl>\n\t\t\t<br style='clear: both' \/>\n\t\t<\/div>\n\n<p>&nbsp;<\/p>\n","protected":false},"excerpt":{"rendered":"<p>Herbst 2015: Trekking auf dem Carros de Foc (dt. &#8222;Feuerwagen&#8220;) im katalanischen Teil der spanische Pyren\u00e4en. Der Carros de Foc f\u00fchrt durch und um den Nationalpark Aig\u00fcestortes i Llac de Sant Maurici. Einen Kalender, mit Motiven der Galerie enth\u00e4lt findest Du hier. Autumn 2015: Trekking on Carros de Foc (engl. &#8222;fire wagon&#8220;) in the catalan&#8230; <\/p>\n<div class=\"read-more navbutton\"><a href=\"https:\/\/thomas-bering.de\/?page_id=66\">Read More<i class=\"fa fa-angle-double-right\"><\/i><\/a><\/div>\n","protected":false},"author":1,"featured_media":0,"parent":2,"menu_order":0,"comment_status":"closed","ping_status":"closed","template":"page-templates\/full-width.php","meta":{"footnotes":""},"class_list":["post-66","page","type-page","status-publish","hentry"],"wp-worthy-pixel":{"ignored":false,"public":null,"server":null,"url":null},"wp-worthy-type":"normal","_links":{"self":[{"href":"https:\/\/thomas-bering.de\/index.php?rest_route=\/wp\/v2\/pages\/66","targetHints":{"allow":["GET"]}}],"collection":[{"href":"https:\/\/thomas-bering.de\/index.php?rest_route=\/wp\/v2\/pages"}],"about":[{"href":"https:\/\/thomas-bering.de\/index.php?rest_route=\/wp\/v2\/types\/page"}],"author":[{"embeddable":true,"href":"https:\/\/thomas-bering.de\/index.php?rest_route=\/wp\/v2\/users\/1"}],"replies":[{"embeddable":true,"href":"https:\/\/thomas-bering.de\/index.php?rest_route=%2Fwp%2Fv2%2Fcomments&post=66"}],"version-history":[{"count":22,"href":"https:\/\/thomas-bering.de\/index.php?rest_route=\/wp\/v2\/pages\/66\/revisions"}],"predecessor-version":[{"id":2253,"href":"https:\/\/thomas-bering.de\/index.php?rest_route=\/wp\/v2\/pages\/66\/revisions\/2253"}],"up":[{"embeddable":true,"href":"https:\/\/thomas-bering.de\/index.php?rest_route=\/wp\/v2\/pages\/2"}],"wp:attachment":[{"href":"https:\/\/thomas-bering.de\/index.php?rest_route=%2Fwp%2Fv2%2Fmedia&parent=66"}],"curies":[{"name":"wp","href":"https:\/\/api.w.org\/{rel}","templated":true}]}}