{"id":2511,"date":"2021-09-05T09:55:32","date_gmt":"2021-09-05T07:55:32","guid":{"rendered":"https:\/\/thomas-bering.de\/?page_id=2511"},"modified":"2021-12-07T00:20:06","modified_gmt":"2021-12-06T22:20:06","slug":"im-schatten-mit-dem-buschtaxi-durch-westafrika","status":"publish","type":"page","link":"https:\/\/thomas-bering.de\/?page_id=2511","title":{"rendered":"Im Schatten &#8211; Mit dem Buschtaxi durch Westafrika"},"content":{"rendered":"<p><strong>Hurra! Sogar 300 statt der angek\u00fcndigten 240 Seiten und mit \u00fcber 100 Fotos! Ab 6.9.2021 im Buchhandel, in den Online-Shops und \u00fcber den <a href=\"https:\/\/www.reise-know-how.de\/de\/produkte\/reisesplitter\/im-schatten-buschtaxi-westafrika-50559#\">Verlag<\/a> erh\u00e4ltlich.<\/strong><\/p>\n<p><strong>Hier k\u00f6nnt ihr einen Blick auf Inhalt und Gestaltung des Buchs werfen:<\/strong><\/p>\n<p><strong><a href=\"https:\/\/thomas-bering.de\/wp-content\/uploads\/2021\/09\/Im-Schatten-Inhalt-Umschlag.pdf\">Im Schatten Inhalt &amp; Umschlag<\/a><\/strong><\/p>\n<div class=\"color-gray-balken grid-container grid-container-c-2d3-1d3 grid-container-has-multiple-slots\">\n<div class=\"grid-container-content\">\n<div class=\"grid-slots-wrapper\">\n<div class=\"grid-slot grid-slot-2d3 grid-slot-has-one-box grid-slot-first\">\n<div class=\"grid-boxes-wrapper\">\n<div class=\"box box-first box-last\">\n<div class=\"ph-product-image\">\n<div class=\"ph-product-cover\">\n<p><span class=\"ph-resp-img ph-teaser-image is-loaded\" data-src=\"\/sites\/default\/files\/9783831734979.jpg\" data-imgid=\"1\"> <span class=\"ph-resp-img-inner\"><img loading=\"lazy\" decoding=\"async\" class=\"alignnone size-thumbnail wp-image-2514\" src=\"https:\/\/thomas-bering.de\/wp-content\/uploads\/2021\/09\/2021-04-18-Cover-Im-Schatten-amazon-132x200.jpg\" alt=\"\" width=\"132\" height=\"200\" srcset=\"https:\/\/thomas-bering.de\/wp-content\/uploads\/2021\/09\/2021-04-18-Cover-Im-Schatten-amazon-132x200.jpg 132w, https:\/\/thomas-bering.de\/wp-content\/uploads\/2021\/09\/2021-04-18-Cover-Im-Schatten-amazon-264x400.jpg 264w, https:\/\/thomas-bering.de\/wp-content\/uploads\/2021\/09\/2021-04-18-Cover-Im-Schatten-amazon.jpg 288w\" sizes=\"auto, (max-width: 132px) 100vw, 132px\" \/><\/span><\/span><\/p>\n<p><strong>Das schreibt die Presse:<\/strong><\/p>\n<p><a href=\"https:\/\/mittendrin-kassel.de\/im-schatten-mit-dem-buschtaxi-durch-westafrika\/\" target=\"_blank\" rel=\"noopener\">https:\/\/mittendrin-kassel.de\/im-schatten-mit-dem-buschtaxi-durch-westafrika\/<\/a><\/p>\n<p><a href=\"https:\/\/www.hna.de\/lokales\/korbach\/diemelstadt-ort165312\/im-buschtaxi-durch-westafrika-91138788.html\" target=\"_blank\" rel=\"noopener\">https:\/\/www.hna.de\/lokales\/korbach\/diemelstadt-ort165312\/im-buschtaxi-durch-westafrika-91138788.html<\/a><\/p>\n<p><a href=\"https:\/\/www.wlz-online.de\/waldeck\/diemelstadt\/im-buschtaxi-durch-westafrika-91138788.html\" target=\"_blank\" rel=\"noopener\">https:\/\/www.wlz-online.de\/waldeck\/diemelstadt\/im-buschtaxi-durch-westafrika-91138788.html<\/a><\/p>\n<p><a href=\"https:\/\/www.westfalen-blatt.de\/owl\/mit-dem-buschtaxi-durch-afrika-2456887?pid=true\" target=\"_blank\" rel=\"noopener\">https:\/\/www.westfalen-blatt.de\/owl\/mit-dem-buschtaxi-durch-afrika-2456887?pid=true<\/a><\/p>\n<p><a href=\"https:\/\/www.wildwechsel.de\/mit-dem-buschtaxi-durch-westafrika-thomas-berings-reisebericht\/\" target=\"_blank\" rel=\"noopener\">https:\/\/www.wildwechsel.de\/mit-dem-buschtaxi-durch-westafrika-thomas-berings-reisebericht\/<\/a><\/p>\n<p><a href=\"https:\/\/www.people-abroad.de\/buchbesprechungen\/ausland-reisen\/buch-im-schatten-mit-dem-buschtaxi-durch-westafrika\/#more-6819\" target=\"_blank\" rel=\"noopener\">https:\/\/www.people-abroad.de\/buchbesprechungen\/ausland-reisen\/buch-im-schatten-mit-dem-buschtaxi-durch-westafrika\/#more-6819<\/a><\/p>\n<p><a href=\"https:\/\/issuu.com\/frizzkassel\/docs\/frizz_ks_ebook_1121\" target=\"_blank\" rel=\"noopener\">https:\/\/issuu.com\/frizzkassel\/docs\/frizz_ks_ebook_1121<\/a><\/p>\n<\/div>\n<\/div>\n<\/div>\n<\/div>\n<\/div>\n<\/div>\n<\/div>\n<\/div>\n<div class=\"grid-content-container-wrapper grid-container-c-2d3-0 grid-first-content-container\">\n<div class=\"grid-container grid-container-c-2d3-0 grid-container-has-one-slot\">\n<div class=\"grid-container-content\">\n<div class=\"grid-slots-wrapper\">\n<div class=\"grid-slot grid-slot-2d3 grid-slot-has-one-box grid-slot-last grid-slot-first\">\n<div class=\"grid-boxes-wrapper\">\n<article class=\"node-50559 node node-product-display view-mode-full clearfix\">\n<div class=\"ph-product-pages\">\n<h4>Der Verlag schreibt&#8230;<\/h4>\n<blockquote><p>Braucht es ein Faible f\u00fcr die Apokalypse, um Westafrika zu bereisen? Das fragt sich Thomas Bering, der 7.000 Kilometer von C\u00e1diz in Spanien bis nach Conakry in Guinea zur\u00fccklegt, meist im Buschtaxi, seltener im Bus oder auf Eselskarren, nochmal gut f\u00fcnfhundert Kilometer zu Fu\u00df. Eine \u00dcberlandreise durch L\u00e4nder, die sich auf den Abstiegsr\u00e4ngen der internationalen Wohlstandstabelle bewegen, und eine Suche nach dem Unbekannten, den Menschen, dem Leben in seiner rohen Form. Es ist auch eine Suche nach all dem, was man nicht \u00fcber Westafrika erf\u00e4hrt, wenn es sonst nur Berichte \u00fcber politische Instabilit\u00e4t, B\u00fcrgerkrieg, Armut, Elend und Ebola gibt.<\/p>\n<p>Seine Reise wird zu einer Suche nach Antworten, um das l\u00fcckenhafte und vage Bild von Westafrika zu f\u00fcllen. Eine kr\u00e4ftezehrende, manchmal die Grenzen des Ertr\u00e4glichen \u00fcberschreitende, dreieinhalb Monate dauernde Reise durch eine Region, die allzu oft Ausgangspunkt von Fluchtgeschichten ist. Sein ReiseSplitter ist ein literarisches Roadmovie, das die harte Lebenswirklichkeit der Region in all ihren Facetten ungeschminkt schildert, oft bitterernst, aber immer auch mit einer Prise Humor. Er berichtet von dubiosen Staatsstreichen obskurer Despoten, von Drogengesch\u00e4ften f\u00fcr die Staatsfinanzen und dem Wahnsinn der Entwicklungszusammenarbeit, von Hotelruinen und deplatzierten Austernbars.<\/p>\n<p>Er erz\u00e4hlt aber auch die sehr pers\u00f6nlichen Geschichten von den Entwurzelten, den Gestrandeten, den Hoffnungsfrohen und all denen, die nicht aufgeben. Von den Menschen, die ihn mit ihrer bescheidenen, ehrlichen Art tief beeindrucken und ihm neue Facetten der Begriffe Reichtum, Wohlstand und Gl\u00fcck aufzeigen, dazu eine tiefe Demut vor den M\u00f6glichkeiten, die ein privilegiertes Leben in Westeuropa bietet. Und er beschreibt nicht zuletzt die gewaltige Anziehungskraft, die der s\u00fcdliche Kontinent entwickelt, obwohl vieles furchtbar klingt. Eine Anziehungskraft, die ihn auch nach seiner Heimkehr nicht losl\u00e4sst.<\/p><\/blockquote>\n<\/div>\n<\/article>\n<\/div>\n<\/div>\n<\/div>\n<\/div>\n<\/div>\n<\/div>\n<p><strong>&#8230; und trifft es damit sehr gut!<\/strong><\/p>\n<p><strong>Wie hat es Euch gefallen? Ich freue mich auf Kommentare <\/strong><strong>und Rezensionen <\/strong><strong>auf dieser Website oder per eMail und in den Online-Shops.<\/strong><\/p>\n<p><iframe style=\"width: 120px; height: 240px;\" src=\"\/\/ws-eu.amazon-adsystem.com\/widgets\/q?ServiceVersion=20070822&amp;OneJS=1&amp;Operation=GetAdHtml&amp;MarketPlace=DE&amp;source=ac&amp;ref=qf_sp_asin_til&amp;ad_type=product_link&amp;tracking_id=thomasbering6-21&amp;marketplace=amazon&amp;region=DE&amp;placement=3831734976&amp;asins=3831734976&amp;linkId=8901f3401b315df1a722adb462512e5b&amp;show_border=true&amp;link_opens_in_new_window=true&amp;price_color=333333&amp;title_color=0066c0&amp;bg_color=ffffff\" frameborder=\"0\" marginwidth=\"0\" marginheight=\"0\" scrolling=\"no\"><br \/>\n<\/iframe><\/p>\n<p>Mit dem Kauf meiner Kalender und Printprodukte k\u00f6nnt ihr den Buchhandel vor Ort unterst\u00fctzen. Selbstverst\u00e4ndlich sind meine Produkte aber auch \u00fcber diverse Online-H\u00e4ndler &#8211; wie amazon oder buch24.de &#8211; zu beziehen. Kauft ihr \u00fcber den obigen Amazon-Link, erhalte ich eine kleine prozentuale Beteiligung an Eurem Umsatz &#8211; sogar, wenn Ihr ein anderes Produkt bestellt. Selbstverst\u00e4ndlich zahlt ihr dadurch <strong>keinen h\u00f6heren Endpreis<\/strong>.<\/p>\n<div class=\"color-gray-balken grid-container grid-container-c-2d3-1d3 grid-container-has-multiple-slots\">\n<div class=\"grid-container-content\">\n<div class=\"grid-slots-wrapper\">\n<div class=\"grid-slot grid-slot-2d3 grid-slot-has-one-box grid-slot-first\">\n<div class=\"grid-boxes-wrapper\">\n<div class=\"box box-first box-last\">\n<div class=\"ph-product-col-2\">\n<p class=\"ph-product-author\"><a href=\"https:\/\/www.reise-know-how.de\/de\/autor\/bering-thomas\">Bering, Thomas<\/a><\/p>\n<p class=\"ph-product-author\">Reisesplitter<br \/>\nISBN: 978-3-8317-3497-9<br \/>\nSeiten: 240<br \/>\nAuflage: 1. Auflage 2021<\/p>\n<\/div>\n<\/div>\n<\/div>\n<\/div>\n<\/div>\n<\/div>\n<\/div>\n<div class=\"grid-content-container-wrapper grid-container-c-2d3-0 grid-first-content-container\">\n<div class=\"grid-container grid-container-c-2d3-0 grid-container-has-one-slot\">\n<div class=\"grid-container-content\">\n<div class=\"grid-slots-wrapper\">\n<div class=\"grid-slot grid-slot-2d3 grid-slot-has-one-box grid-slot-last grid-slot-first\">\n<div class=\"grid-boxes-wrapper\">\n<article class=\"node-50559 node node-product-display view-mode-full clearfix\">\n<div class=\"ph-product-pages\">\n<h4><\/h4>\n<\/div>\n<\/article>\n<\/div>\n<\/div>\n<\/div>\n<\/div>\n<\/div>\n<\/div>\n","protected":false},"excerpt":{"rendered":"<p>Hurra! Sogar 300 statt der angek\u00fcndigten 240 Seiten und mit \u00fcber 100 Fotos! Ab 6.9.2021 im Buchhandel, in den Online-Shops und \u00fcber den Verlag erh\u00e4ltlich. Hier k\u00f6nnt ihr einen Blick auf Inhalt und Gestaltung des Buchs werfen: Im Schatten Inhalt &amp; Umschlag Das schreibt die Presse: https:\/\/mittendrin-kassel.de\/im-schatten-mit-dem-buschtaxi-durch-westafrika\/ https:\/\/www.hna.de\/lokales\/korbach\/diemelstadt-ort165312\/im-buschtaxi-durch-westafrika-91138788.html https:\/\/www.wlz-online.de\/waldeck\/diemelstadt\/im-buschtaxi-durch-westafrika-91138788.html https:\/\/www.westfalen-blatt.de\/owl\/mit-dem-buschtaxi-durch-afrika-2456887?pid=true https:\/\/www.wildwechsel.de\/mit-dem-buschtaxi-durch-westafrika-thomas-berings-reisebericht\/ https:\/\/www.people-abroad.de\/buchbesprechungen\/ausland-reisen\/buch-im-schatten-mit-dem-buschtaxi-durch-westafrika\/#more-6819 https:\/\/issuu.com\/frizzkassel\/docs\/frizz_ks_ebook_1121 Der Verlag&#8230; <\/p>\n<div class=\"read-more navbutton\"><a href=\"https:\/\/thomas-bering.de\/?page_id=2511\">Read More<i class=\"fa fa-angle-double-right\"><\/i><\/a><\/div>\n","protected":false},"author":1,"featured_media":0,"parent":17,"menu_order":0,"comment_status":"closed","ping_status":"closed","template":"","meta":{"footnotes":""},"class_list":["post-2511","page","type-page","status-publish","hentry"],"wp-worthy-pixel":{"ignored":false,"public":"74ddbba3274441b9aa3a07a4561ea50d","server":"vg09.met.vgwort.de","url":"https:\/\/vg09.met.vgwort.de\/na\/74ddbba3274441b9aa3a07a4561ea50d"},"wp-worthy-type":"normal","_links":{"self":[{"href":"https:\/\/thomas-bering.de\/index.php?rest_route=\/wp\/v2\/pages\/2511","targetHints":{"allow":["GET"]}}],"collection":[{"href":"https:\/\/thomas-bering.de\/index.php?rest_route=\/wp\/v2\/pages"}],"about":[{"href":"https:\/\/thomas-bering.de\/index.php?rest_route=\/wp\/v2\/types\/page"}],"author":[{"embeddable":true,"href":"https:\/\/thomas-bering.de\/index.php?rest_route=\/wp\/v2\/users\/1"}],"replies":[{"embeddable":true,"href":"https:\/\/thomas-bering.de\/index.php?rest_route=%2Fwp%2Fv2%2Fcomments&post=2511"}],"version-history":[{"count":15,"href":"https:\/\/thomas-bering.de\/index.php?rest_route=\/wp\/v2\/pages\/2511\/revisions"}],"predecessor-version":[{"id":2628,"href":"https:\/\/thomas-bering.de\/index.php?rest_route=\/wp\/v2\/pages\/2511\/revisions\/2628"}],"up":[{"embeddable":true,"href":"https:\/\/thomas-bering.de\/index.php?rest_route=\/wp\/v2\/pages\/17"}],"wp:attachment":[{"href":"https:\/\/thomas-bering.de\/index.php?rest_route=%2Fwp%2Fv2%2Fmedia&parent=2511"}],"curies":[{"name":"wp","href":"https:\/\/api.w.org\/{rel}","templated":true}]}}