{"id":2025,"date":"2019-12-10T21:37:03","date_gmt":"2019-12-10T19:37:03","guid":{"rendered":"http:\/\/thomas-bering.de\/?page_id=2025"},"modified":"2021-10-05T17:38:39","modified_gmt":"2021-10-05T15:38:39","slug":"kalender-und-print-bei-calvendo","status":"publish","type":"page","link":"https:\/\/thomas-bering.de\/?page_id=2025","title":{"rendered":"Kalender und Print bei CALVENDO"},"content":{"rendered":"<p><strong>Alle meine Kalender im <a href=\"ttps:\/\/www.calvendo.de\/galerie\/?s=Thomas+Bering&amp;lang=1&amp;cat=0&amp;type=0&amp;kdgrp=0&amp;format=0\">CALVENDO-Verlag findet Ihr hier<\/a>: <\/strong>Die Kalender sind\u00a0 in den Formaten DIN A5 bis DIN A3, teilweise auch im DIN A2 Gro\u00dfformat erh\u00e4ltlich.<\/p>\n<p>Mit dem Kauf meiner Kalender und Printprodukte k\u00f6nnt ihr den Buchhandel vor Ort unterst\u00fctzen. Selbstverst\u00e4ndlich sind meine Produkte aber auch \u00fcber diverse Online-H\u00e4ndler &#8211; wie amazon oder buch24.de &#8211; zu beziehen. Kauft ihr \u00fcber die folgenden Amazon-Links, erhalte ich eine kleine prozentuale Beteiligung an Eurem Umsatz &#8211; sogar, wenn Ihr ein anderes Produkt bestellt. Selbstverst\u00e4ndlich zahlt ihr dadurch <strong>keinen h\u00f6heren Endpreis<\/strong>.<\/p>\n<p><a href=\"https:\/\/www.calvendo.de\/galerie\/westafrika-hautnah-mauretanien-senegal-guinea-and-bissau\/?s=Thomas%20Bering&amp;type=0&amp;format=0&amp;lang=1&amp;kdgrp=0&amp;cat=0&amp;\" target=\"_blank\" rel=\"noopener\"><img loading=\"lazy\" decoding=\"async\" class=\"alignnone size-thumbnail wp-image-2555\" src=\"https:\/\/thomas-bering.de\/wp-content\/uploads\/2021\/09\/Titelbild-Westafrika-284x200.jpg\" alt=\"\" width=\"284\" height=\"200\" srcset=\"https:\/\/thomas-bering.de\/wp-content\/uploads\/2021\/09\/Titelbild-Westafrika-284x200.jpg 284w, https:\/\/thomas-bering.de\/wp-content\/uploads\/2021\/09\/Titelbild-Westafrika-568x400.jpg 568w, https:\/\/thomas-bering.de\/wp-content\/uploads\/2021\/09\/Titelbild-Westafrika-851x600.jpg 851w, https:\/\/thomas-bering.de\/wp-content\/uploads\/2021\/09\/Titelbild-Westafrika-768x541.jpg 768w, https:\/\/thomas-bering.de\/wp-content\/uploads\/2021\/09\/Titelbild-Westafrika.jpg 1148w\" sizes=\"auto, (max-width: 284px) 100vw, 284px\" \/><\/a><\/p>\n<p><iframe style=\"width: 120px; height: 240px;\" src=\"\/\/ws-eu.amazon-adsystem.com\/widgets\/q?ServiceVersion=20070822&amp;OneJS=1&amp;Operation=GetAdHtml&amp;MarketPlace=DE&amp;source=ac&amp;ref=qf_sp_asin_til&amp;ad_type=product_link&amp;tracking_id=thomasbering6-21&amp;marketplace=amazon&amp;region=DE&amp;placement=3673820583&amp;asins=3673820583&amp;linkId=c752c650a074e5960668cfbf33a40716&amp;show_border=true&amp;link_opens_in_new_window=true&amp;price_color=333333&amp;title_color=0066c0&amp;bg_color=ffffff\" frameborder=\"0\" marginwidth=\"0\" marginheight=\"0\" scrolling=\"no\"><br \/>\n<\/iframe><iframe style=\"width: 120px; height: 240px;\" src=\"\/\/ws-eu.amazon-adsystem.com\/widgets\/q?ServiceVersion=20070822&amp;OneJS=1&amp;Operation=GetAdHtml&amp;MarketPlace=DE&amp;source=ac&amp;ref=tf_til&amp;ad_type=product_link&amp;tracking_id=thomasbering6-21&amp;marketplace=amazon&amp;region=DE&amp;placement=3673834266&amp;asins=3673834266&amp;linkId=def8a711925adce4661cf1990442b089&amp;show_border=true&amp;link_opens_in_new_window=true&amp;price_color=333333&amp;title_color=0066c0&amp;bg_color=ffffff\" frameborder=\"0\" marginwidth=\"0\" marginheight=\"0\" scrolling=\"no\"><br \/>\n<\/iframe><iframe style=\"width: 120px; height: 240px;\" src=\"\/\/ws-eu.amazon-adsystem.com\/widgets\/q?ServiceVersion=20070822&amp;OneJS=1&amp;Operation=GetAdHtml&amp;MarketPlace=DE&amp;source=ac&amp;ref=tf_til&amp;ad_type=product_link&amp;tracking_id=thomasbering6-21&amp;marketplace=amazon&amp;region=DE&amp;placement=3673819720&amp;asins=3673819720&amp;linkId=66061e39486eee25a811cb73c1ab60fc&amp;show_border=true&amp;link_opens_in_new_window=true&amp;price_color=333333&amp;title_color=0066c0&amp;bg_color=ffffff\" frameborder=\"0\" marginwidth=\"0\" marginheight=\"0\" scrolling=\"no\"><br \/>\n<\/iframe><iframe style=\"width: 120px; height: 240px;\" src=\"\/\/ws-eu.amazon-adsystem.com\/widgets\/q?ServiceVersion=20070822&amp;OneJS=1&amp;Operation=GetAdHtml&amp;MarketPlace=DE&amp;source=ac&amp;ref=tf_til&amp;ad_type=product_link&amp;tracking_id=thomasbering6-21&amp;marketplace=amazon&amp;region=DE&amp;placement=3673336339&amp;asins=3673336339&amp;linkId=0f2e12bfa31ff39032f5ea127324e846&amp;show_border=true&amp;link_opens_in_new_window=true&amp;price_color=333333&amp;title_color=0066c0&amp;bg_color=ffffff\" frameborder=\"0\" marginwidth=\"0\" marginheight=\"0\" scrolling=\"no\"><br \/>\n<\/iframe><iframe style=\"width: 120px; height: 240px;\" src=\"\/\/ws-eu.amazon-adsystem.com\/widgets\/q?ServiceVersion=20070822&amp;OneJS=1&amp;Operation=GetAdHtml&amp;MarketPlace=DE&amp;source=ac&amp;ref=tf_til&amp;ad_type=product_link&amp;tracking_id=thomasbering6-21&amp;marketplace=amazon&amp;region=DE&amp;placement=367288149X&amp;asins=367288149X&amp;linkId=08a8f73e2b39676c5c69acd8fc71b483&amp;show_border=true&amp;link_opens_in_new_window=true&amp;price_color=333333&amp;title_color=0066c0&amp;bg_color=ffffff\" frameborder=\"0\" marginwidth=\"0\" marginheight=\"0\" scrolling=\"no\"><br \/>\n<\/iframe><\/p>\n<p><strong>NEU: Jetzt auch Kalender der nordhessischen Premiumwanderwege Habichtswald- und GrimmSteig:<\/strong><\/p>\n<p><a href=\"https:\/\/www.calvendo.de\/galerie\/zu-fub-durch-nordhessen-unterwegs-auf-dem-habichtswaldsteig\/?s=Thomas%20Bering&amp;type=0&amp;format=0&amp;lang=1&amp;kdgrp=0&amp;cat=0&amp;\" target=\"_blank\" rel=\"noopener\"><img loading=\"lazy\" decoding=\"async\" class=\"alignnone size-thumbnail wp-image-2554\" src=\"https:\/\/thomas-bering.de\/wp-content\/uploads\/2021\/09\/2021-09-Titelbild-Habichtt-283x200.jpg\" alt=\"\" width=\"283\" height=\"200\" srcset=\"https:\/\/thomas-bering.de\/wp-content\/uploads\/2021\/09\/2021-09-Titelbild-Habichtt-283x200.jpg 283w, https:\/\/thomas-bering.de\/wp-content\/uploads\/2021\/09\/2021-09-Titelbild-Habichtt-566x400.jpg 566w, https:\/\/thomas-bering.de\/wp-content\/uploads\/2021\/09\/2021-09-Titelbild-Habichtt-849x600.jpg 849w, https:\/\/thomas-bering.de\/wp-content\/uploads\/2021\/09\/2021-09-Titelbild-Habichtt-768x543.jpg 768w, https:\/\/thomas-bering.de\/wp-content\/uploads\/2021\/09\/2021-09-Titelbild-Habichtt.jpg 1179w\" sizes=\"auto, (max-width: 283px) 100vw, 283px\" \/><\/a><\/p>\n<p><iframe style=\"width: 120px; height: 240px;\" src=\"\/\/ws-eu.amazon-adsystem.com\/widgets\/q?ServiceVersion=20070822&amp;OneJS=1&amp;Operation=GetAdHtml&amp;MarketPlace=DE&amp;source=ac&amp;ref=qf_sp_asin_til&amp;ad_type=product_link&amp;tracking_id=thomasbering6-21&amp;marketplace=amazon&amp;region=DE&amp;placement=367288121X&amp;asins=367288121X&amp;linkId=919a4ccda20a14e5fe4e08345d49df3a&amp;show_border=true&amp;link_opens_in_new_window=true&amp;price_color=333333&amp;title_color=0066c0&amp;bg_color=ffffff\" frameborder=\"0\" marginwidth=\"0\" marginheight=\"0\" scrolling=\"no\"><br \/>\n<\/iframe><iframe style=\"width: 120px; height: 240px;\" src=\"\/\/ws-eu.amazon-adsystem.com\/widgets\/q?ServiceVersion=20070822&amp;OneJS=1&amp;Operation=GetAdHtml&amp;MarketPlace=DE&amp;source=ac&amp;ref=qf_sp_asin_til&amp;ad_type=product_link&amp;tracking_id=thomasbering6-21&amp;marketplace=amazon&amp;region=DE&amp;placement=3672889520&amp;asins=3672889520&amp;linkId=d5ebbf3a29653a2f8567c75744414edb&amp;show_border=true&amp;link_opens_in_new_window=true&amp;price_color=333333&amp;title_color=0066c0&amp;bg_color=ffffff\" frameborder=\"0\" marginwidth=\"0\" marginheight=\"0\" scrolling=\"no\"><br \/>\n<\/iframe><\/p>\n<p><strong><a href=\"https:\/\/www.calvendo.de\/galerie\/?s=Thomas+Bering&amp;lang=1&amp;cat=0&amp;type=0&amp;kdgrp=0&amp;format=0\" target=\"_blank\" rel=\"noopener noreferrer\">Puzzle &amp; Leinw\u00e4nde bei CALVENDO<\/a><\/strong><\/p>\n<p><a href=\"https:\/\/www.calvendo.de\/galerie\/kalender\/?s=Thomas%20Bering&amp;type=0&amp;format=0&amp;lang=1&amp;kdgrp=0&amp;cat=0&amp;\" target=\"_blank\" rel=\"noopener noreferrer\"><img loading=\"lazy\" decoding=\"async\" class=\"alignnone wp-image-2020 size-medium\" src=\"http:\/\/thomas-bering.de\/wp-content\/uploads\/2019\/12\/Unbenannt-600x360.jpg\" alt=\"\" width=\"600\" height=\"360\" srcset=\"https:\/\/thomas-bering.de\/wp-content\/uploads\/2019\/12\/Unbenannt-600x360.jpg 600w, https:\/\/thomas-bering.de\/wp-content\/uploads\/2019\/12\/Unbenannt-900x540.jpg 900w, https:\/\/thomas-bering.de\/wp-content\/uploads\/2019\/12\/Unbenannt-333x200.jpg 333w, https:\/\/thomas-bering.de\/wp-content\/uploads\/2019\/12\/Unbenannt-768x461.jpg 768w, https:\/\/thomas-bering.de\/wp-content\/uploads\/2019\/12\/Unbenannt.jpg 1447w\" sizes=\"auto, (max-width: 600px) 100vw, 600px\" \/><\/a><\/p>\n","protected":false},"excerpt":{"rendered":"<p>Alle meine Kalender im CALVENDO-Verlag findet Ihr hier: Die Kalender sind\u00a0 in den Formaten DIN A5 bis DIN A3, teilweise auch im DIN A2 Gro\u00dfformat erh\u00e4ltlich. Mit dem Kauf meiner Kalender und Printprodukte k\u00f6nnt ihr den Buchhandel vor Ort unterst\u00fctzen. Selbstverst\u00e4ndlich sind meine Produkte aber auch \u00fcber diverse Online-H\u00e4ndler &#8211; wie amazon oder buch24.de &#8211;&#8230; <\/p>\n<div class=\"read-more navbutton\"><a href=\"https:\/\/thomas-bering.de\/?page_id=2025\">Read More<i class=\"fa fa-angle-double-right\"><\/i><\/a><\/div>\n","protected":false},"author":1,"featured_media":0,"parent":17,"menu_order":0,"comment_status":"closed","ping_status":"closed","template":"","meta":{"footnotes":""},"class_list":["post-2025","page","type-page","status-publish","hentry"],"wp-worthy-pixel":{"ignored":false,"public":null,"server":null,"url":null},"wp-worthy-type":"normal","_links":{"self":[{"href":"https:\/\/thomas-bering.de\/index.php?rest_route=\/wp\/v2\/pages\/2025","targetHints":{"allow":["GET"]}}],"collection":[{"href":"https:\/\/thomas-bering.de\/index.php?rest_route=\/wp\/v2\/pages"}],"about":[{"href":"https:\/\/thomas-bering.de\/index.php?rest_route=\/wp\/v2\/types\/page"}],"author":[{"embeddable":true,"href":"https:\/\/thomas-bering.de\/index.php?rest_route=\/wp\/v2\/users\/1"}],"replies":[{"embeddable":true,"href":"https:\/\/thomas-bering.de\/index.php?rest_route=%2Fwp%2Fv2%2Fcomments&post=2025"}],"version-history":[{"count":22,"href":"https:\/\/thomas-bering.de\/index.php?rest_route=\/wp\/v2\/pages\/2025\/revisions"}],"predecessor-version":[{"id":2566,"href":"https:\/\/thomas-bering.de\/index.php?rest_route=\/wp\/v2\/pages\/2025\/revisions\/2566"}],"up":[{"embeddable":true,"href":"https:\/\/thomas-bering.de\/index.php?rest_route=\/wp\/v2\/pages\/17"}],"wp:attachment":[{"href":"https:\/\/thomas-bering.de\/index.php?rest_route=%2Fwp%2Fv2%2Fmedia&parent=2025"}],"curies":[{"name":"wp","href":"https:\/\/api.w.org\/{rel}","templated":true}]}}