{"id":19,"date":"2015-08-25T20:37:20","date_gmt":"2015-08-25T20:37:20","guid":{"rendered":"http:\/\/thomas-bering.de\/?page_id=19"},"modified":"2016-02-16T17:58:25","modified_gmt":"2016-02-16T15:58:25","slug":"pyrenaeen","status":"publish","type":"page","link":"https:\/\/thomas-bering.de\/?page_id=19","title":{"rendered":"Kilimanjaro &#8211; piece of cake"},"content":{"rendered":"<h1><em><strong><a href=\"https:\/\/de.wikipedia.org\/wiki\/Kilimandscharo\" target=\"_blank\">Kilimanjaro<\/a> &#8211; piece of cake\u00a0\u00a0 &#8211;\u00a0\u00a0 <\/strong><\/em><strong>Afrikas h\u00f6chster Gipfel in der Regenzeit<\/strong><\/h1>\n<p>\u201eIf\u2026 &#8211; Uhuru Peak is piece of cake!\u201d. Mit diesen Worten verschwindet Livingstons verwegen grinsendes, sonnenbebrilltes Gesicht inklusive der kompletten Rasta-Lockenpracht wieder aus meinem Zelteingang und l\u00e4sst mich mit meinem T\u00fctens\u00fcppchen allein. Der Kilimanjaro ein \u201aKindergeburtstag\u2019? Drau\u00dfen r\u00fcttelt und zerrt in fast 4.700 Meter H\u00f6he ein zorniger Wind an den Zeltw\u00e4nden. Gelegentlich begleitet vom Trommeln der Hagelk\u00f6rner. Da Livingstons sicher gut gemeinte Aufmunterung jedoch mit dem bedingenden W\u00f6rtchen \u201efalls\u201c beginnt, hinterl\u00e4sst sie eine gesunde Portion Skepsis bei mir. Denn ich habe heute bereits einen siebenst\u00fcndigen Marsch in den Knochen. Nun soll ich kurz vor Mitternacht zum Sturm auf den 5.895 Meter hohen Uhuru Peak &#8211; die h\u00f6chste Erhebung des Kilimanjaro, ja des afrikanischen Kontinents &#8211; blasen. Da kann man ein wenig emotionales Doping tats\u00e4chlich gut gebrauchen\u2026<\/p>\n<p><a href=\"http:\/\/thomas-bering.de\/?page_id=32\" target=\"_blank\">Bericht und Fotos \u00fcber mein Trekking auf das Dach Afrikas. Hier zum Download als Pdf-Scanns eines Fotobuches. 36 Seiten, davon 15 Seiten Text. Deutsch, \u20ac 2,89. <strong>HIER GEHT&#8217;S ZUM DOWNLOAD!<\/strong><\/a><\/p>\n<p><img loading=\"lazy\" decoding=\"async\" class=\"alignnone size-thumbnail wp-image-174\" src=\"http:\/\/thomas-bering.de\/wp-content\/uploads\/2015\/08\/01-Deckblatt-261x200.jpg\" alt=\"01 Deckblatt\" width=\"261\" height=\"200\" srcset=\"https:\/\/thomas-bering.de\/wp-content\/uploads\/2015\/08\/01-Deckblatt-261x200.jpg 261w, https:\/\/thomas-bering.de\/wp-content\/uploads\/2015\/08\/01-Deckblatt-522x400.jpg 522w, https:\/\/thomas-bering.de\/wp-content\/uploads\/2015\/08\/01-Deckblatt-783x600.jpg 783w, https:\/\/thomas-bering.de\/wp-content\/uploads\/2015\/08\/01-Deckblatt.jpg 1076w\" sizes=\"auto, (max-width: 261px) 100vw, 261px\" \/><\/p>\n<p><strong><a href=\"http:\/\/thomas-bering.de\/?page_id=300\" target=\"_blank\">Fotogalerie ansehen!<\/a><\/strong>\u00a0 (Hinweis: Galerie-Fotos sind nur teilweise auch im Buch vorhanden)<\/p>\n","protected":false},"excerpt":{"rendered":"<p>Kilimanjaro &#8211; piece of cake\u00a0\u00a0 &#8211;\u00a0\u00a0 Afrikas h\u00f6chster Gipfel in der Regenzeit \u201eIf\u2026 &#8211; Uhuru Peak is piece of cake!\u201d. Mit diesen Worten verschwindet Livingstons verwegen grinsendes, sonnenbebrilltes Gesicht inklusive der kompletten Rasta-Lockenpracht wieder aus meinem Zelteingang und l\u00e4sst mich mit meinem T\u00fctens\u00fcppchen allein. Der Kilimanjaro ein \u201aKindergeburtstag\u2019? Drau\u00dfen r\u00fcttelt und zerrt in fast 4.700&#8230; <\/p>\n<div class=\"read-more navbutton\"><a href=\"https:\/\/thomas-bering.de\/?page_id=19\">Read More<i class=\"fa fa-angle-double-right\"><\/i><\/a><\/div>\n","protected":false},"author":1,"featured_media":0,"parent":17,"menu_order":20,"comment_status":"closed","ping_status":"closed","template":"page-templates\/full-width.php","meta":{"footnotes":""},"class_list":["post-19","page","type-page","status-publish","hentry"],"wp-worthy-pixel":{"ignored":false,"public":null,"server":null,"url":null},"wp-worthy-type":"normal","_links":{"self":[{"href":"https:\/\/thomas-bering.de\/index.php?rest_route=\/wp\/v2\/pages\/19","targetHints":{"allow":["GET"]}}],"collection":[{"href":"https:\/\/thomas-bering.de\/index.php?rest_route=\/wp\/v2\/pages"}],"about":[{"href":"https:\/\/thomas-bering.de\/index.php?rest_route=\/wp\/v2\/types\/page"}],"author":[{"embeddable":true,"href":"https:\/\/thomas-bering.de\/index.php?rest_route=\/wp\/v2\/users\/1"}],"replies":[{"embeddable":true,"href":"https:\/\/thomas-bering.de\/index.php?rest_route=%2Fwp%2Fv2%2Fcomments&post=19"}],"version-history":[{"count":27,"href":"https:\/\/thomas-bering.de\/index.php?rest_route=\/wp\/v2\/pages\/19\/revisions"}],"predecessor-version":[{"id":816,"href":"https:\/\/thomas-bering.de\/index.php?rest_route=\/wp\/v2\/pages\/19\/revisions\/816"}],"up":[{"embeddable":true,"href":"https:\/\/thomas-bering.de\/index.php?rest_route=\/wp\/v2\/pages\/17"}],"wp:attachment":[{"href":"https:\/\/thomas-bering.de\/index.php?rest_route=%2Fwp%2Fv2%2Fmedia&parent=19"}],"curies":[{"name":"wp","href":"https:\/\/api.w.org\/{rel}","templated":true}]}}