{"id":12,"date":"2015-08-25T20:29:21","date_gmt":"2015-08-25T20:29:21","guid":{"rendered":"http:\/\/thomas-bering.de\/?page_id=12"},"modified":"2022-10-14T21:13:15","modified_gmt":"2022-10-14T19:13:15","slug":"der-autor","status":"publish","type":"page","link":"https:\/\/thomas-bering.de\/?page_id=12","title":{"rendered":"Autor \/ Presse"},"content":{"rendered":"<p>Mitte der 60er Jahre in Nordhessen geboren, habe ich &#8211; wenn ich nicht gerade auf Reisen war &#8211; einen gro\u00dfen Teil meines Lebens in dieser Region verbracht. Seit ich denken kann plagt mich das Nomaden-Gen, m\u00f6chte ich unterwegs sein. Gerne in quirligen Metropolen, gerne auch auf abgelegenen Trekking-Pfaden und in der Natur. Dabei interessieren mich insbesondere die obskuren und skurrilen Pl\u00e4tze unseres Planeten. Orte, die von der weltweit g\u00fcltigen Corporate Identity der Grosskonzerne noch nicht gleichgeschaltet wurden. Mittlerweile habe ich mehr als hundert L\u00e4nder bereist. Trotzdem wird weder das Fernweh kleiner, noch die Liste der Ziele, die meine Neugier wecken, k\u00fcrzer.<\/p>\n<p><strong>Medien zum Buch:<\/strong><\/p>\n<p><a href=\"https:\/\/rpr1-mein-abenteuer.podigee.io\/206-neue-episode\" target=\"_blank\" rel=\"noopener\"><em>&#8222;Mein Abenteuer: Von Spanien durch Afrika ohne eigenes Auto&#8220;<\/em><\/a>, <a href=\"https:\/\/www.rpr1.de\/webradio\/rpr1-live\" target=\"_blank\" rel=\"noopener\">Radio RPR1<\/a> vom 11.9.2022<\/p>\n<p><em>&#8222;Buchtip: Von Spanien nach Guinea&#8220;,<\/em><strong> Globetrotter-Magazin<\/strong>, Bern CH, Fr\u00fchling 2022 \u2013 Nr. 141<\/p>\n<p><a href=\"https:\/\/mittendrin-kassel.de\/im-schatten-mit-dem-buschtaxi-durch-westafrika\/\" target=\"_blank\" rel=\"noopener\"><em>\u201eIm Schatten \u2013 Mit dem Buschtaxi durch Westafrika\u201c<\/em>, <strong>mittendrin<\/strong>, Kassel<\/a><\/p>\n<p><em>\u201eBunter Wahnsinn\u201c<\/em>, <strong>Hessische Allgemeine<\/strong>, Kulturteil vom 11.03.2022<\/p>\n<p><em>\u201eRTL Hessen&#8220;<\/em>, <strong>RTL-Abendsendung<\/strong> vom 21.01.2022<\/p>\n<p><a href=\"https:\/\/www.lokalo24.de\/lokales\/kassel\/mit-dem-buschtaxi-durch-westafrika-thomas-bering-reiste-000-kilometer-von-adiz-nach-conakry-91193448.html\" target=\"_blank\" rel=\"noopener\"><em>&#8222;Mit dem Buschtaxi durch Westafrika\u201c<\/em>, <strong>ExtraTip<\/strong>, Kassel vom 18.12.2021<\/a><\/p>\n<p><a href=\"http:\/\/www.hofgeismar-aktuell.de\/panorama_artikel,-Im-Schatten-%E2%80%93-Mit-dem-Buschtaxi-durch-Westafrika-_arid,773638_ortid,246.html\" target=\"_blank\" rel=\"noopener\"><em>\u201eIm Schatten \u2013 Mit dem Buschtaxi durch Westafrika\u201c<\/em>, <strong>Hofgeismar Aktuell<\/strong> vom 11.12.2021<\/a><\/p>\n<p><a href=\"http:\/\/www.owzzumsonntag.de\/panorama_artikel,-Im-Schatten-%E2%80%93-Mit-dem-Buschtaxi-durch-Westafrika-_arid,773638.html\" target=\"_blank\" rel=\"noopener\"><em>\u201eIm Schatten \u2013 Mit dem Buschtaxi durch Westafrika\u201c<\/em>, <strong>OWZ zum Sonntag<\/strong> vom 11.12.2021<\/a><\/p>\n<p><a href=\"https:\/\/www.stadtzeit-kassel.de\/pdf\/StadtZeit-107.pdf\" target=\"_blank\" rel=\"noopener\"><em>\u201eIm Buschtaxi durch Westafrika. Thomas Bering verfasste ein literarisches Roadmovie.\u201c<\/em>, <strong>StadtZeit Kassel<\/strong> Dezember\/Januar 2021\/2022<\/a><\/p>\n<p><a href=\"https:\/\/www.hna.de\/lokales\/frankenberg\/im-buschtaxi-durch-westafrika-91138788.html\" target=\"_blank\" rel=\"noopener\"><em>\u201eIm Buschtaxi durch Westafrika: Buchautor Thomas Bering erlebt eine Welt im Schatten\u201c ,<\/em><strong>HNA Diemelstadt \/ Frankenberg<\/strong> vom 26.11.2021<\/a><\/p>\n<p><a href=\"https:\/\/www.wlz-online.de\/waldeck\/diemelstadt\/im-buschtaxi-durch-westafrika-91138788.html\" target=\"_blank\" rel=\"noopener\"><em>\u201eIm Buschtaxi durch Westafrika: Buchautor Thomas Bering erlebt eine Welt im Schatten\u201c<\/em>, <strong>Waldeckische Landeszeitung<\/strong> vom 26.11.2022<\/a><\/p>\n<p><a href=\"https:\/\/www.people-abroad.de\/buchbesprechungen\/ausland-reisen\/buch-im-schatten-mit-dem-buschtaxi-durch-westafrika\/#more-6819\" target=\"_blank\" rel=\"noopener\"><em>\u201eBuch: Im Schatten mit dem Buschtaxi durch Westafrika\u201c<\/em>, <strong>people abroad<\/strong> vom 25.11.2021<\/a><\/p>\n<p><em>\u201eIm Buschtaxi durch Westafrika\u201c<\/em>, <strong>Hofgeismarer Allgemeine<\/strong> vom 22.11.2021<\/p>\n<p><a href=\"https:\/\/issuu.com\/frizzkassel\/docs\/frizz_ks_ebook_1121\" target=\"_blank\" rel=\"noopener\"><em>\u201eIm Schatten \u2013 Mit dem Buschtaxi durch Westafrika\u201c<\/em>, <strong>FRIZZ 11\/2021<\/strong><\/a><\/p>\n<p><a href=\"https:\/\/www.westfalen-blatt.de\/owl\/mit-dem-buschtaxi-durch-afrika-2456887?pid=true\" target=\"_blank\" rel=\"noopener\"><em>\u201eMit dem Buschtaxi durch Afrika\u201c,<\/em> <strong>Westfalenblatt<\/strong> vom 20.10.2021<\/a><\/p>\n<p><a href=\"https:\/\/www.wildwechsel.de\/mit-dem-buschtaxi-durch-westafrika-thomas-berings-reisebericht\/\" target=\"_blank\" rel=\"noopener\"><em>\u201eMit dem Buschtaxi durch Westafrika \u2013 Thomas Berings Reisebericht\u201c<\/em>, <strong>Wildwechsel<\/strong> vom 18.10.2021<\/a><\/p>\n<div id=\"gallery-1\" data-slideshowSpeed=\"2500\"  class=\"gallery-photo-box gallery-photos-box gallery galleryid-12 gallery-columns-2 clearfix\"><div class=\"gallery-row clearfix\"><div class=\"gallery-image gallery-image-1 gallery-image-i-1\"><a class=\"photobox\" rel=\"gallery1\" title=\"\" href=\"http:\/\/thomas-bering.de\/wp-content\/uploads\/2015\/08\/2005-04-19T-AtWorld-154-CHN-Mingyong-Glacier-1.jpg\"><img loading=\"lazy\" decoding=\"async\" width=\"265\" height=\"400\" src=\"https:\/\/thomas-bering.de\/wp-content\/uploads\/2015\/08\/2005-04-19T-AtWorld-154-CHN-Mingyong-Glacier-1-265x400.jpg\" class=\"attachment-medium size-medium\" alt=\"\" srcset=\"https:\/\/thomas-bering.de\/wp-content\/uploads\/2015\/08\/2005-04-19T-AtWorld-154-CHN-Mingyong-Glacier-1-265x400.jpg 265w, https:\/\/thomas-bering.de\/wp-content\/uploads\/2015\/08\/2005-04-19T-AtWorld-154-CHN-Mingyong-Glacier-1-133x200.jpg 133w, https:\/\/thomas-bering.de\/wp-content\/uploads\/2015\/08\/2005-04-19T-AtWorld-154-CHN-Mingyong-Glacier-1-768x1158.jpg 768w, https:\/\/thomas-bering.de\/wp-content\/uploads\/2015\/08\/2005-04-19T-AtWorld-154-CHN-Mingyong-Glacier-1-398x600.jpg 398w, https:\/\/thomas-bering.de\/wp-content\/uploads\/2015\/08\/2005-04-19T-AtWorld-154-CHN-Mingyong-Glacier-1.jpg 796w\" sizes=\"auto, (max-width: 265px) 100vw, 265px\" \/><\/a><\/div><div class=\"gallery-image gallery-image-2 gallery-image-i-2\"><a class=\"photobox\" rel=\"gallery1\" title=\"\" href=\"http:\/\/thomas-bering.de\/wp-content\/uploads\/2015\/08\/2016-05-Iran-446-Shiraz-1.jpg\"><img loading=\"lazy\" decoding=\"async\" width=\"600\" height=\"400\" src=\"https:\/\/thomas-bering.de\/wp-content\/uploads\/2015\/08\/2016-05-Iran-446-Shiraz-1-600x400.jpg\" class=\"attachment-medium size-medium\" alt=\"\" srcset=\"https:\/\/thomas-bering.de\/wp-content\/uploads\/2015\/08\/2016-05-Iran-446-Shiraz-1-600x400.jpg 600w, https:\/\/thomas-bering.de\/wp-content\/uploads\/2015\/08\/2016-05-Iran-446-Shiraz-1-300x200.jpg 300w, https:\/\/thomas-bering.de\/wp-content\/uploads\/2015\/08\/2016-05-Iran-446-Shiraz-1-768x512.jpg 768w, https:\/\/thomas-bering.de\/wp-content\/uploads\/2015\/08\/2016-05-Iran-446-Shiraz-1-900x600.jpg 900w, https:\/\/thomas-bering.de\/wp-content\/uploads\/2015\/08\/2016-05-Iran-446-Shiraz-1.jpg 1200w\" sizes=\"auto, (max-width: 600px) 100vw, 600px\" \/><\/a><\/div><br style=\"clear:both;\" \/><\/div><div class=\"gallery-row clearfix\"><div class=\"gallery-image gallery-image-1 gallery-image-i-3\"><a class=\"photobox\" rel=\"gallery1\" title=\"\" href=\"http:\/\/thomas-bering.de\/wp-content\/uploads\/2015\/08\/2016-10-09-HNA_HO-Titelblatt.jpg\"><img loading=\"lazy\" decoding=\"async\" width=\"268\" height=\"400\" src=\"https:\/\/thomas-bering.de\/wp-content\/uploads\/2015\/08\/2016-10-09-HNA_HO-Titelblatt-268x400.jpg\" class=\"attachment-medium size-medium\" alt=\"\" srcset=\"https:\/\/thomas-bering.de\/wp-content\/uploads\/2015\/08\/2016-10-09-HNA_HO-Titelblatt-268x400.jpg 268w, https:\/\/thomas-bering.de\/wp-content\/uploads\/2015\/08\/2016-10-09-HNA_HO-Titelblatt-134x200.jpg 134w, https:\/\/thomas-bering.de\/wp-content\/uploads\/2015\/08\/2016-10-09-HNA_HO-Titelblatt-768x1146.jpg 768w, https:\/\/thomas-bering.de\/wp-content\/uploads\/2015\/08\/2016-10-09-HNA_HO-Titelblatt-402x600.jpg 402w, https:\/\/thomas-bering.de\/wp-content\/uploads\/2015\/08\/2016-10-09-HNA_HO-Titelblatt.jpg 1860w\" sizes=\"auto, (max-width: 268px) 100vw, 268px\" \/><\/a><\/div><div class=\"gallery-image gallery-image-2 gallery-image-i-4\"><a class=\"photobox\" rel=\"gallery1\" title=\"\" href=\"http:\/\/thomas-bering.de\/wp-content\/uploads\/2015\/08\/2016-10-09-HNA_HO-Lokalteil.jpg\"><img loading=\"lazy\" decoding=\"async\" width=\"268\" height=\"400\" src=\"https:\/\/thomas-bering.de\/wp-content\/uploads\/2015\/08\/2016-10-09-HNA_HO-Lokalteil-268x400.jpg\" class=\"attachment-medium size-medium\" alt=\"\" srcset=\"https:\/\/thomas-bering.de\/wp-content\/uploads\/2015\/08\/2016-10-09-HNA_HO-Lokalteil-268x400.jpg 268w, https:\/\/thomas-bering.de\/wp-content\/uploads\/2015\/08\/2016-10-09-HNA_HO-Lokalteil-134x200.jpg 134w, https:\/\/thomas-bering.de\/wp-content\/uploads\/2015\/08\/2016-10-09-HNA_HO-Lokalteil-768x1146.jpg 768w, https:\/\/thomas-bering.de\/wp-content\/uploads\/2015\/08\/2016-10-09-HNA_HO-Lokalteil-402x600.jpg 402w, https:\/\/thomas-bering.de\/wp-content\/uploads\/2015\/08\/2016-10-09-HNA_HO-Lokalteil.jpg 1860w\" sizes=\"auto, (max-width: 268px) 100vw, 268px\" \/><\/a><\/div><br style=\"clear:both;\" \/><\/div><\/div>\n<p>&nbsp;<\/p>\n<p><strong><span style=\"color: #993300;\">Meine Publikationen findet ihr auf dieser Website unter dem Reiter <a style=\"color: #993300;\" href=\"https:\/\/thomas-bering.de\/?page_id=17\" target=\"_blank\" rel=\"noopener\">Shop \/ Nice to have<\/a>.<\/span><\/strong><\/p>\n","protected":false},"excerpt":{"rendered":"<p>Mitte der 60er Jahre in Nordhessen geboren, habe ich &#8211; wenn ich nicht gerade auf Reisen war &#8211; einen gro\u00dfen Teil meines Lebens in dieser Region verbracht. Seit ich denken kann plagt mich das Nomaden-Gen, m\u00f6chte ich unterwegs sein. Gerne in quirligen Metropolen, gerne auch auf abgelegenen Trekking-Pfaden und in der Natur. Dabei interessieren mich&#8230; <\/p>\n<div class=\"read-more navbutton\"><a href=\"https:\/\/thomas-bering.de\/?page_id=12\">Read More<i class=\"fa fa-angle-double-right\"><\/i><\/a><\/div>\n","protected":false},"author":1,"featured_media":0,"parent":0,"menu_order":0,"comment_status":"closed","ping_status":"closed","template":"","meta":{"footnotes":""},"class_list":["post-12","page","type-page","status-publish","hentry"],"wp-worthy-pixel":{"ignored":false,"public":"5839e4671e994a8a914a902d95e82f7c","server":"","url":"https:\/\/vg06.met.vgwort.de\/na\/5839e4671e994a8a914a902d95e82f7c"},"wp-worthy-type":"normal","_links":{"self":[{"href":"https:\/\/thomas-bering.de\/index.php?rest_route=\/wp\/v2\/pages\/12","targetHints":{"allow":["GET"]}}],"collection":[{"href":"https:\/\/thomas-bering.de\/index.php?rest_route=\/wp\/v2\/pages"}],"about":[{"href":"https:\/\/thomas-bering.de\/index.php?rest_route=\/wp\/v2\/types\/page"}],"author":[{"embeddable":true,"href":"https:\/\/thomas-bering.de\/index.php?rest_route=\/wp\/v2\/users\/1"}],"replies":[{"embeddable":true,"href":"https:\/\/thomas-bering.de\/index.php?rest_route=%2Fwp%2Fv2%2Fcomments&post=12"}],"version-history":[{"count":41,"href":"https:\/\/thomas-bering.de\/index.php?rest_route=\/wp\/v2\/pages\/12\/revisions"}],"predecessor-version":[{"id":2680,"href":"https:\/\/thomas-bering.de\/index.php?rest_route=\/wp\/v2\/pages\/12\/revisions\/2680"}],"wp:attachment":[{"href":"https:\/\/thomas-bering.de\/index.php?rest_route=%2Fwp%2Fv2%2Fmedia&parent=12"}],"curies":[{"name":"wp","href":"https:\/\/api.w.org\/{rel}","templated":true}]}}